{"id":1529,"date":"2022-06-18T15:28:25","date_gmt":"2022-06-18T12:28:25","guid":{"rendered":"https:\/\/bodrumlutekneturu.com\/?page_id=1529"},"modified":"2022-06-18T15:38:07","modified_gmt":"2022-06-18T12:38:07","slug":"bodrum-tekne-turlari","status":"publish","type":"page","link":"https:\/\/bodrumlutekneturu.com\/index.php\/bodrum-tekne-turlari\/","title":{"rendered":"Bodrum tekne turlari"},"content":{"rendered":"\t\t<div data-elementor-type=\"wp-page\" data-elementor-id=\"1529\" class=\"elementor elementor-1529\">\n\t\t\t\t\t\t\t\t\t<section class=\"elementor-section elementor-top-section elementor-element elementor-element-f68e944 elementor-section-boxed elementor-section-height-default elementor-section-height-default\" data-id=\"f68e944\" data-element_type=\"section\">\n\t\t\t\t\t\t<div class=\"elementor-container elementor-column-gap-default\">\n\t\t\t\t\t<div class=\"elementor-column elementor-col-100 elementor-top-column elementor-element elementor-element-6c446be\" data-id=\"6c446be\" data-element_type=\"column\">\n\t\t\t<div class=\"elementor-widget-wrap elementor-element-populated\">\n\t\t\t\t\t\t\t\t<div class=\"elementor-element elementor-element-0aecb72 elementor-widget elementor-widget-text-editor\" data-id=\"0aecb72\" data-element_type=\"widget\" data-widget_type=\"text-editor.default\">\n\t\t\t\t<div class=\"elementor-widget-container\">\n\t\t\t<style>\/*! elementor - v3.6.5 - 27-04-2022 *\/\n.elementor-widget-text-editor.elementor-drop-cap-view-stacked .elementor-drop-cap{background-color:#818a91;color:#fff}.elementor-widget-text-editor.elementor-drop-cap-view-framed .elementor-drop-cap{color:#818a91;border:3px solid;background-color:transparent}.elementor-widget-text-editor:not(.elementor-drop-cap-view-default) .elementor-drop-cap{margin-top:8px}.elementor-widget-text-editor:not(.elementor-drop-cap-view-default) .elementor-drop-cap-letter{width:1em;height:1em}.elementor-widget-text-editor .elementor-drop-cap{float:left;text-align:center;line-height:1;font-size:50px}.elementor-widget-text-editor .elementor-drop-cap-letter{display:inline-block}<\/style>\t\t\t\t<p><strong>Bodrum Tekne Turu &#8211; Bodrum kalk\u0131\u015fl\u0131 turlar\u0131m\u0131z Karaada, K\u0131z\u0131lburun, Orakadas\u0131, Kisseb\u00fck\u00fc, Meteor \u00c7ukuru, Kleopatra Ma\u011faras\u0131, Akvaryum, Dilek Ma\u011faras\u0131, Camel Beach, Poyraz, Dalg\u0131\u00e7, Tav\u015fan burnu, Kumluk, Alman Koy gibi \u00e7e\u015fit \u00e7e\u015fit program olu\u015fturabilmemiz m\u00fcmk\u00fcn.\u00a0 \u00d6nemli olan r\u00fczgar\u0131n esi\u015f y\u00f6n\u00fcne g\u00f6re dinamik program ayarlayabilmek, bazen cennet gibi olan koylar bazen dalgal\u0131 ve r\u00fczgarl\u0131 olabiliyor.\u00a0<\/strong><\/p>\t\t\t\t\t\t<\/div>\n\t\t\t\t<\/div>\n\t\t\t\t\t<\/div>\n\t\t<\/div>\n\t\t\t\t\t\t\t<\/div>\n\t\t<\/section>\n\t\t\t\t<section class=\"elementor-section elementor-top-section elementor-element elementor-element-3e192a2 elementor-section-boxed elementor-section-height-default elementor-section-height-default\" data-id=\"3e192a2\" data-element_type=\"section\">\n\t\t\t\t\t\t<div class=\"elementor-container elementor-column-gap-default\">\n\t\t\t\t\t<div class=\"elementor-column elementor-col-100 elementor-top-column elementor-element elementor-element-3629838\" data-id=\"3629838\" data-element_type=\"column\">\n\t\t\t<div class=\"elementor-widget-wrap elementor-element-populated\">\n\t\t\t\t\t\t\t\t<div class=\"elementor-element elementor-element-4ee9d08 elementor-widget elementor-widget-image\" data-id=\"4ee9d08\" data-element_type=\"widget\" data-widget_type=\"image.default\">\n\t\t\t\t<div class=\"elementor-widget-container\">\n\t\t\t<style>\/*! elementor - v3.6.5 - 27-04-2022 *\/\n.elementor-widget-image{text-align:center}.elementor-widget-image a{display:inline-block}.elementor-widget-image a img[src$=\".svg\"]{width:48px}.elementor-widget-image img{vertical-align:middle;display:inline-block}<\/style>\t\t\t\t\t\t\t\t\t\t\t\t<img width=\"1024\" height=\"768\" src=\"https:\/\/bodrumlutekneturu.com\/wp-content\/uploads\/2022\/06\/442f68eb-aed6-4db6-a2f5-13ec4b49f70f-1024x768.jpg\" class=\"attachment-large size-large\" alt=\"\" srcset=\"https:\/\/bodrumlutekneturu.com\/wp-content\/uploads\/2022\/06\/442f68eb-aed6-4db6-a2f5-13ec4b49f70f-1024x768.jpg 1024w, https:\/\/bodrumlutekneturu.com\/wp-content\/uploads\/2022\/06\/442f68eb-aed6-4db6-a2f5-13ec4b49f70f-300x225.jpg 300w, https:\/\/bodrumlutekneturu.com\/wp-content\/uploads\/2022\/06\/442f68eb-aed6-4db6-a2f5-13ec4b49f70f-768x576.jpg 768w, https:\/\/bodrumlutekneturu.com\/wp-content\/uploads\/2022\/06\/442f68eb-aed6-4db6-a2f5-13ec4b49f70f-1536x1152.jpg 1536w, https:\/\/bodrumlutekneturu.com\/wp-content\/uploads\/2022\/06\/442f68eb-aed6-4db6-a2f5-13ec4b49f70f-600x450.jpg 600w, https:\/\/bodrumlutekneturu.com\/wp-content\/uploads\/2022\/06\/442f68eb-aed6-4db6-a2f5-13ec4b49f70f.jpg 2000w\" sizes=\"(max-width: 1024px) 100vw, 1024px\" \/>\t\t\t\t\t\t\t\t\t\t\t\t\t\t\t<\/div>\n\t\t\t\t<\/div>\n\t\t\t\t\t<\/div>\n\t\t<\/div>\n\t\t\t\t\t\t\t<\/div>\n\t\t<\/section>\n\t\t\t\t\t\t\t<\/div>\n\t\t","protected":false},"excerpt":{"rendered":"<p>Bodrum Tekne Turu &#8211; Bodrum kalk\u0131\u015fl\u0131 turlar\u0131m\u0131z Karaada, K\u0131z\u0131lburun, Orakadas\u0131, Kisseb\u00fck\u00fc, Meteor \u00c7ukuru, Kleopatra Ma\u011faras\u0131, Akvaryum, Dilek Ma\u011faras\u0131, Camel Beach, Poyraz, Dalg\u0131\u00e7, Tav\u015fan burnu, Kumluk, Alman Koy gibi \u00e7e\u015fit \u00e7e\u015fit &hellip;<\/p>\n<p class=\"read-more\"> <a class=\"\" href=\"https:\/\/bodrumlutekneturu.com\/index.php\/bodrum-tekne-turlari\/\"> <span class=\"screen-reader-text\">Bodrum tekne turlari<\/span> Devam\u0131 &raquo;<\/a><\/p>\n","protected":false},"author":1,"featured_media":0,"parent":0,"menu_order":0,"comment_status":"closed","ping_status":"closed","template":"","meta":{"_regular_price":[],"currency_symbol":[],"om_disable_all_campaigns":false,"site-sidebar-layout":"no-sidebar","site-content-layout":"page-builder","ast-global-header-display":"","ast-main-header-display":"","ast-hfb-above-header-display":"","ast-hfb-below-header-display":"","ast-hfb-mobile-header-display":"","site-post-title":"disabled","ast-breadcrumbs-content":"","ast-featured-img":"disabled","footer-sml-layout":"","theme-transparent-header-meta":"","adv-header-id-meta":"","stick-header-meta":"","header-above-stick-meta":"","header-main-stick-meta":"","header-below-stick-meta":""},"post_slider_layout_featured_media_urls":{"thumbnail":"","post_slider_layout_landscape_large":"","post_slider_layout_portrait_large":"","post_slider_layout_square_large":"","post_slider_layout_landscape":"","post_slider_layout_portrait":"","post_slider_layout_square":"","full":""},"_links":{"self":[{"href":"https:\/\/bodrumlutekneturu.com\/index.php\/wp-json\/wp\/v2\/pages\/1529"}],"collection":[{"href":"https:\/\/bodrumlutekneturu.com\/index.php\/wp-json\/wp\/v2\/pages"}],"about":[{"href":"https:\/\/bodrumlutekneturu.com\/index.php\/wp-json\/wp\/v2\/types\/page"}],"author":[{"embeddable":true,"href":"https:\/\/bodrumlutekneturu.com\/index.php\/wp-json\/wp\/v2\/users\/1"}],"replies":[{"embeddable":true,"href":"https:\/\/bodrumlutekneturu.com\/index.php\/wp-json\/wp\/v2\/comments?post=1529"}],"version-history":[{"count":10,"href":"https:\/\/bodrumlutekneturu.com\/index.php\/wp-json\/wp\/v2\/pages\/1529\/revisions"}],"predecessor-version":[{"id":1557,"href":"https:\/\/bodrumlutekneturu.com\/index.php\/wp-json\/wp\/v2\/pages\/1529\/revisions\/1557"}],"wp:attachment":[{"href":"https:\/\/bodrumlutekneturu.com\/index.php\/wp-json\/wp\/v2\/media?parent=1529"}],"curies":[{"name":"wp","href":"https:\/\/api.w.org\/{rel}","templated":true}]}}